{"id":38,"date":"2019-11-26T13:33:30","date_gmt":"2019-11-26T13:33:30","guid":{"rendered":"http:\/\/demos.reytheme.com\/frankfurt\/?page_id=38"},"modified":"2022-06-22T09:14:02","modified_gmt":"2022-06-22T09:14:02","slug":"rreth-glorus","status":"publish","type":"page","link":"https:\/\/glorus.al\/en\/rreth-glorus\/","title":{"rendered":"Rreth Glorus"},"content":{"rendered":"<div data-elementor-type=\"wp-page\" data-elementor-id=\"38\" class=\"elementor elementor-38\" data-elementor-post-type=\"page\">\n\t\t\t\t\t\t<section class=\"elementor-section elementor-top-section elementor-element elementor-element-3a3b933 elementor-section-boxed elementor-section-height-default elementor-section-height-default\" data-id=\"3a3b933\" data-element_type=\"section\" data-e-type=\"section\">\n\t\t\t\t\t\t<div class=\"elementor-container elementor-column-gap-default\">\n\t\t\t\t\t<div class=\"elementor-column elementor-col-50 elementor-top-column elementor-element elementor-element-9358906 elementor-hidden-phone\" data-id=\"9358906\" data-element_type=\"column\" data-e-type=\"column\">\n\t\t\t<div class=\"elementor-column-wrap--9358906 elementor-widget-wrap elementor-element-populated\">\n\t\t\t\t\t\t<div class=\"elementor-element elementor-element-5ab13d9 elementor-hidden-tablet elementor-widget elementor-widget-image\" data-id=\"5ab13d9\" data-element_type=\"widget\" data-e-type=\"widget\" data-widget_type=\"image.default\">\n\t\t\t\t<div class=\"elementor-widget-container\">\n\t\t\t\t\t\t\t\t\t\t\t\t\t\t\t<img fetchpriority=\"high\" decoding=\"async\" width=\"1024\" height=\"768\" src=\"https:\/\/glorus.al\/wp-content\/uploads\/2022\/06\/Glorus-1024x768.jpg\" class=\"attachment-large size-large wp-image-1933\" alt=\"\" srcset=\"https:\/\/glorus.al\/wp-content\/uploads\/2022\/06\/Glorus-1024x768.jpg 1024w, https:\/\/glorus.al\/wp-content\/uploads\/2022\/06\/Glorus-300x225.jpg 300w, https:\/\/glorus.al\/wp-content\/uploads\/2022\/06\/Glorus-768x576.jpg 768w, https:\/\/glorus.al\/wp-content\/uploads\/2022\/06\/Glorus-1536x1152.jpg 1536w, https:\/\/glorus.al\/wp-content\/uploads\/2022\/06\/Glorus-600x450.jpg 600w, https:\/\/glorus.al\/wp-content\/uploads\/2022\/06\/Glorus.jpg 2000w\" sizes=\"(max-width: 1024px) 100vw, 1024px\" \/>\t\t\t\t\t\t\t\t\t\t\t\t\t\t\t<\/div>\n\t\t\t\t<\/div>\n\t\t\t\t\t<\/div>\n\t\t<\/div>\n\t\t\t\t<div class=\"elementor-column elementor-col-50 elementor-top-column elementor-element elementor-element-37bd9ec\" data-id=\"37bd9ec\" data-element_type=\"column\" data-e-type=\"column\">\n\t\t\t<div class=\"elementor-column-wrap--37bd9ec elementor-widget-wrap elementor-element-populated\">\n\t\t\t\t\t\t<div class=\"elementor-element elementor-element-44a1520 elementor-widget elementor-widget-spacer\" data-id=\"44a1520\" data-element_type=\"widget\" data-e-type=\"widget\" data-widget_type=\"spacer.default\">\n\t\t\t\t<div class=\"elementor-widget-container\">\n\t\t\t\t\t\t\t<div class=\"elementor-spacer\">\n\t\t\t<div class=\"elementor-spacer-inner\"><\/div>\n\t\t<\/div>\n\t\t\t\t\t\t<\/div>\n\t\t\t\t<\/div>\n\t\t\t\t<div class=\"elementor-element elementor-element-b4f9bc3 elementor-widget elementor-widget-heading\" data-id=\"b4f9bc3\" data-element_type=\"widget\" data-e-type=\"widget\" data-widget_type=\"heading.default\">\n\t\t\t\t<div class=\"elementor-widget-container\">\n\t\t\t\t\t<h2 class=\"elementor-heading-title elementor-size-default\">Historiku<\/h2>\t\t\t\t<\/div>\n\t\t\t\t<\/div>\n\t\t\t\t<div class=\"elementor-element elementor-element-ef501f3 elementor-widget elementor-widget-text-editor\" data-id=\"ef501f3\" data-element_type=\"widget\" data-e-type=\"widget\" data-widget_type=\"text-editor.default\">\n\t\t\t\t<div class=\"elementor-widget-container\">\n\t\t\t\t\t\t\t\t\t<p>Glorus ka filluar aktivitetin n\u00eb vitin 2007. Me pasion dhe p\u00ebrkushtim ndaj biznesit Glorus filloi t\u00eb<br \/>hedh\u00eb hapa t\u00eb matur dhe t\u00eb sigurt, duke e rritur biznesin vit pas viti.<br \/>N\u00eb vitin 2017 Glorus fillon bashk\u00ebpunimin me fabrikat m\u00eb prestigjoze t\u00eb nj\u00eb standarti t\u00eb lart\u00eb t\u00eb<br \/>prodhimit t\u00eb pllakave porcelan, duke i garantuar klienteve nj\u00eb cil\u00ebsi reale.<br \/>Gjithmone do t\u00eb ruajm\u00eb vlerat dhe parimet tona t\u00eb cilat p\u00ebrb\u00ebjn\u00eb baz\u00ebn e suksesit ton\u00eb.<\/p>\t\t\t\t\t\t\t\t<\/div>\n\t\t\t\t<\/div>\n\t\t\t\t<section class=\"elementor-section elementor-inner-section elementor-element elementor-element-eecdad5 elementor-section-boxed elementor-section-height-default elementor-section-height-default\" data-id=\"eecdad5\" data-element_type=\"section\" data-e-type=\"section\">\n\t\t\t\t\t\t<div class=\"elementor-container elementor-column-gap-default\">\n\t\t\t\t\t<div class=\"elementor-column elementor-col-100 elementor-inner-column elementor-element elementor-element-2fa0378\" data-id=\"2fa0378\" data-element_type=\"column\" data-e-type=\"column\">\n\t\t\t<div class=\"elementor-column-wrap--2fa0378 elementor-widget-wrap elementor-element-populated\">\n\t\t\t\t\t\t<div class=\"elementor-element elementor-element-bc2acb6 elementor-widget elementor-widget-spacer\" data-id=\"bc2acb6\" data-element_type=\"widget\" data-e-type=\"widget\" data-widget_type=\"spacer.default\">\n\t\t\t\t<div class=\"elementor-widget-container\">\n\t\t\t\t\t\t\t<div class=\"elementor-spacer\">\n\t\t\t<div class=\"elementor-spacer-inner\"><\/div>\n\t\t<\/div>\n\t\t\t\t\t\t<\/div>\n\t\t\t\t<\/div>\n\t\t\t\t<div class=\"elementor-element elementor-element-b616ac2 elementor-widget elementor-widget-heading\" data-id=\"b616ac2\" data-element_type=\"widget\" data-e-type=\"widget\" data-widget_type=\"heading.default\">\n\t\t\t\t<div class=\"elementor-widget-container\">\n\t\t\t\t\t<h2 class=\"elementor-heading-title elementor-size-default\">Misioni<\/h2>\t\t\t\t<\/div>\n\t\t\t\t<\/div>\n\t\t\t\t<div class=\"elementor-element elementor-element-0d096fb elementor-widget elementor-widget-spacer\" data-id=\"0d096fb\" data-element_type=\"widget\" data-e-type=\"widget\" data-widget_type=\"spacer.default\">\n\t\t\t\t<div class=\"elementor-widget-container\">\n\t\t\t\t\t\t\t<div class=\"elementor-spacer\">\n\t\t\t<div class=\"elementor-spacer-inner\"><\/div>\n\t\t<\/div>\n\t\t\t\t\t\t<\/div>\n\t\t\t\t<\/div>\n\t\t\t\t\t<\/div>\n\t\t<\/div>\n\t\t\t\t\t<\/div>\n\t\t<\/section>\n\t\t\t\t<div class=\"elementor-element elementor-element-4149a3f elementor-widget elementor-widget-text-editor\" data-id=\"4149a3f\" data-element_type=\"widget\" data-e-type=\"widget\" data-widget_type=\"text-editor.default\">\n\t\t\t\t<div class=\"elementor-widget-container\">\n\t\t\t\t\t\t\t\t\t<p>Duke punuar n\u00eb p\u00ebrputhje me vlerat dhe parimet tona t\u00eb cilat p\u00ebrb\u00ebjn\u00eb baz\u00ebn e suksesit : Cil\u00ebsia, Transparenca, Ndershm\u00ebria, Humanizmi dhe Respekti do t\u00eb jen\u00eb gjithmon\u00eb n\u00eb q\u00ebnd\u00ebr t\u00eb<br \/>v\u00ebm\u00ebndjes s\u00eb sh\u00ebrbimit ndaj klientit.<\/p>\t\t\t\t\t\t\t\t<\/div>\n\t\t\t\t<\/div>\n\t\t\t\t<section class=\"elementor-section elementor-inner-section elementor-element elementor-element-8bf1fc9 elementor-section-boxed elementor-section-height-default elementor-section-height-default\" data-id=\"8bf1fc9\" data-element_type=\"section\" data-e-type=\"section\">\n\t\t\t\t\t\t<div class=\"elementor-container elementor-column-gap-default\">\n\t\t\t\t\t<div class=\"elementor-column elementor-col-100 elementor-inner-column elementor-element elementor-element-6e2c040\" data-id=\"6e2c040\" data-element_type=\"column\" data-e-type=\"column\">\n\t\t\t<div class=\"elementor-column-wrap--6e2c040 elementor-widget-wrap\">\n\t\t\t\t\t\t\t<\/div>\n\t\t<\/div>\n\t\t\t\t\t<\/div>\n\t\t<\/section>\n\t\t\t\t\t<\/div>\n\t\t<\/div>\n\t\t\t\t\t<\/div>\n\t\t<\/section>\n\t\t\t\t<section class=\"elementor-section elementor-top-section elementor-element elementor-element-fc49ef9 elementor-section-boxed elementor-section-height-default elementor-section-height-default\" data-id=\"fc49ef9\" data-element_type=\"section\" data-e-type=\"section\">\n\t\t\t\t\t\t<div class=\"elementor-container elementor-column-gap-default\">\n\t\t\t\t\t<div class=\"elementor-column elementor-col-100 elementor-top-column elementor-element elementor-element-e1f9629\" data-id=\"e1f9629\" data-element_type=\"column\" data-e-type=\"column\">\n\t\t\t<div class=\"elementor-column-wrap--e1f9629 elementor-widget-wrap elementor-element-populated\">\n\t\t\t\t\t\t<div class=\"elementor-element elementor-element-df10728 elementor-widget elementor-widget-heading\" data-id=\"df10728\" data-element_type=\"widget\" data-e-type=\"widget\" data-widget_type=\"heading.default\">\n\t\t\t\t<div class=\"elementor-widget-container\">\n\t\t\t\t\t<h2 class=\"elementor-heading-title elementor-size-default\">Vizioni Yn\u00eb<\/h2>\t\t\t\t<\/div>\n\t\t\t\t<\/div>\n\t\t\t\t<div class=\"elementor-element elementor-element-0ad8417 elementor-invisible elementor-widget elementor-widget-text-editor\" data-id=\"0ad8417\" data-element_type=\"widget\" data-e-type=\"widget\" data-settings=\"{&quot;_animation&quot;:&quot;zoomIn&quot;}\" data-widget_type=\"text-editor.default\">\n\t\t\t\t<div class=\"elementor-widget-container\">\n\t\t\t\t\t\t\t\t\t<p>T\u00eb jemi nj\u00eb em\u00ebr q\u00eb njihet si pik\u00eb referuese me cil\u00ebsin\u00eb e saj.<\/p>\t\t\t\t\t\t\t\t<\/div>\n\t\t\t\t<\/div>\n\t\t\t\t\t<\/div>\n\t\t<\/div>\n\t\t\t\t\t<\/div>\n\t\t<\/section>\n\t\t\t\t<section class=\"elementor-section elementor-top-section elementor-element elementor-element-6b08735 elementor-section-boxed elementor-section-height-default elementor-section-height-default\" data-id=\"6b08735\" data-element_type=\"section\" data-e-type=\"section\">\n\t\t\t\t\t\t<div class=\"elementor-container elementor-column-gap-default\">\n\t\t\t\t\t<div class=\"elementor-column elementor-col-50 elementor-top-column elementor-element elementor-element-34c48f2\" data-id=\"34c48f2\" data-element_type=\"column\" data-e-type=\"column\">\n\t\t\t<div class=\"elementor-column-wrap--34c48f2 elementor-widget-wrap elementor-element-populated\">\n\t\t\t\t\t\t<div class=\"elementor-element elementor-element-33b47f5 elementor-image--ch elementor-widget elementor-widget-image\" data-id=\"33b47f5\" data-element_type=\"widget\" data-e-type=\"widget\" data-widget_type=\"image.default\">\n\t\t\t\t<div class=\"elementor-widget-container\">\n\t\t\t\t\t\t\t\t\t\t\t\t\t\t\t<img decoding=\"async\" width=\"1024\" height=\"848\" src=\"https:\/\/glorus.al\/wp-content\/uploads\/2022\/06\/T126663-1024x848.jpg\" class=\"attachment-large size-large wp-image-1911\" alt=\"\" srcset=\"https:\/\/glorus.al\/wp-content\/uploads\/2022\/06\/T126663-1024x848.jpg 1024w, https:\/\/glorus.al\/wp-content\/uploads\/2022\/06\/T126663-300x248.jpg 300w, https:\/\/glorus.al\/wp-content\/uploads\/2022\/06\/T126663-768x636.jpg 768w, https:\/\/glorus.al\/wp-content\/uploads\/2022\/06\/T126663-600x497.jpg 600w, https:\/\/glorus.al\/wp-content\/uploads\/2022\/06\/T126663.jpg 1192w\" sizes=\"(max-width: 1024px) 100vw, 1024px\" \/>\t\t\t\t\t\t\t\t\t\t\t\t\t\t\t<\/div>\n\t\t\t\t<\/div>\n\t\t\t\t\t<\/div>\n\t\t<\/div>\n\t\t\t\t<div class=\"elementor-column elementor-col-50 elementor-top-column elementor-element elementor-element-f7fbf81\" data-id=\"f7fbf81\" data-element_type=\"column\" data-e-type=\"column\">\n\t\t\t<div class=\"elementor-column-wrap--f7fbf81 elementor-widget-wrap elementor-element-populated\">\n\t\t\t\t\t\t<div class=\"elementor-element elementor-element-7eb9446 elementor-image--ch elementor-widget elementor-widget-image\" data-id=\"7eb9446\" data-element_type=\"widget\" data-e-type=\"widget\" data-widget_type=\"image.default\">\n\t\t\t\t<div class=\"elementor-widget-container\">\n\t\t\t\t\t\t\t\t\t\t\t\t\t\t\t<img decoding=\"async\" width=\"1024\" height=\"802\" src=\"https:\/\/glorus.al\/wp-content\/uploads\/2022\/06\/XJL12084-1-1-1024x802.jpg\" class=\"attachment-large size-large wp-image-2195\" alt=\"\" srcset=\"https:\/\/glorus.al\/wp-content\/uploads\/2022\/06\/XJL12084-1-1-1024x802.jpg 1024w, https:\/\/glorus.al\/wp-content\/uploads\/2022\/06\/XJL12084-1-1-300x235.jpg 300w, https:\/\/glorus.al\/wp-content\/uploads\/2022\/06\/XJL12084-1-1-768x602.jpg 768w, https:\/\/glorus.al\/wp-content\/uploads\/2022\/06\/XJL12084-1-1-15x12.jpg 15w, https:\/\/glorus.al\/wp-content\/uploads\/2022\/06\/XJL12084-1-1-600x470.jpg 600w, https:\/\/glorus.al\/wp-content\/uploads\/2022\/06\/XJL12084-1-1.jpg 1299w\" sizes=\"(max-width: 1024px) 100vw, 1024px\" \/>\t\t\t\t\t\t\t\t\t\t\t\t\t\t\t<\/div>\n\t\t\t\t<\/div>\n\t\t\t\t\t<\/div>\n\t\t<\/div>\n\t\t\t\t\t<\/div>\n\t\t<\/section>\n\t\t\t\t<section class=\"elementor-section elementor-top-section elementor-element elementor-element-1f67fb3 elementor-section-boxed elementor-section-height-default elementor-section-height-default\" data-id=\"1f67fb3\" data-element_type=\"section\" data-e-type=\"section\">\n\t\t\t\t\t\t<div class=\"elementor-container elementor-column-gap-default\">\n\t\t\t\t\t<div class=\"elementor-column elementor-col-50 elementor-top-column elementor-element elementor-element-2a9ebe6\" data-id=\"2a9ebe6\" data-element_type=\"column\" data-e-type=\"column\">\n\t\t\t<div class=\"elementor-column-wrap--2a9ebe6 elementor-widget-wrap elementor-element-populated\">\n\t\t\t\t\t\t<div class=\"elementor-element elementor-element-a5d7b26 elementor-image--ch elementor-widget elementor-widget-image\" data-id=\"a5d7b26\" data-element_type=\"widget\" data-e-type=\"widget\" data-widget_type=\"image.default\">\n\t\t\t\t<div class=\"elementor-widget-container\">\n\t\t\t\t\t\t\t\t\t\t\t\t\t\t\t<img loading=\"lazy\" decoding=\"async\" width=\"1024\" height=\"844\" src=\"https:\/\/glorus.al\/wp-content\/uploads\/2022\/06\/GB1201-2-1024x844.jpg\" class=\"attachment-large size-large wp-image-2196\" alt=\"\" srcset=\"https:\/\/glorus.al\/wp-content\/uploads\/2022\/06\/GB1201-2-1024x844.jpg 1024w, https:\/\/glorus.al\/wp-content\/uploads\/2022\/06\/GB1201-2-300x247.jpg 300w, https:\/\/glorus.al\/wp-content\/uploads\/2022\/06\/GB1201-2-768x633.jpg 768w, https:\/\/glorus.al\/wp-content\/uploads\/2022\/06\/GB1201-2-15x12.jpg 15w, https:\/\/glorus.al\/wp-content\/uploads\/2022\/06\/GB1201-2-600x495.jpg 600w, https:\/\/glorus.al\/wp-content\/uploads\/2022\/06\/GB1201-2.jpg 1200w\" sizes=\"(max-width: 1024px) 100vw, 1024px\" \/>\t\t\t\t\t\t\t\t\t\t\t\t\t\t\t<\/div>\n\t\t\t\t<\/div>\n\t\t\t\t\t<\/div>\n\t\t<\/div>\n\t\t\t\t<div class=\"elementor-column elementor-col-50 elementor-top-column elementor-element elementor-element-54edc8a\" data-id=\"54edc8a\" data-element_type=\"column\" data-e-type=\"column\">\n\t\t\t<div class=\"elementor-column-wrap--54edc8a elementor-widget-wrap elementor-element-populated\">\n\t\t\t\t\t\t<div class=\"elementor-element elementor-element-5c61082 elementor-image--ch elementor-widget elementor-widget-image\" data-id=\"5c61082\" data-element_type=\"widget\" data-e-type=\"widget\" data-widget_type=\"image.default\">\n\t\t\t\t<div class=\"elementor-widget-container\">\n\t\t\t\t\t\t\t\t\t\t\t\t\t\t\t<img loading=\"lazy\" decoding=\"async\" width=\"1024\" height=\"768\" src=\"https:\/\/glorus.al\/wp-content\/uploads\/2022\/06\/G12912-1024x768.jpg\" class=\"attachment-large size-large wp-image-1859\" alt=\"\" srcset=\"https:\/\/glorus.al\/wp-content\/uploads\/2022\/06\/G12912-1024x768.jpg 1024w, https:\/\/glorus.al\/wp-content\/uploads\/2022\/06\/G12912-300x225.jpg 300w, https:\/\/glorus.al\/wp-content\/uploads\/2022\/06\/G12912-768x576.jpg 768w, https:\/\/glorus.al\/wp-content\/uploads\/2022\/06\/G12912-600x450.jpg 600w, https:\/\/glorus.al\/wp-content\/uploads\/2022\/06\/G12912.jpg 1200w\" sizes=\"(max-width: 1024px) 100vw, 1024px\" \/>\t\t\t\t\t\t\t\t\t\t\t\t\t\t\t<\/div>\n\t\t\t\t<\/div>\n\t\t\t\t\t<\/div>\n\t\t<\/div>\n\t\t\t\t\t<\/div>\n\t\t<\/section>\n\t\t\t\t<\/div>","protected":false},"excerpt":{"rendered":"<p>Historiku Glorus ka filluar aktivitetin n\u00eb vitin 2007. Me pasion dhe p\u00ebrkushtim ndaj biznesit Glorus filloi t\u00ebhedh\u00eb hapa t\u00eb matur dhe t\u00eb sigurt, duke e rritur biznesin vit pas viti.N\u00eb vitin 2017 Glorus fillon bashk\u00ebpunimin me fabrikat m\u00eb prestigjoze t\u00eb nj\u00eb standarti t\u00eb lart\u00eb t\u00ebprodhimit t\u00eb pllakave porcelan, duke i garantuar klienteve nj\u00eb cil\u00ebsi reale.Gjithmone [&hellip;]<\/p>\n","protected":false},"author":1,"featured_media":0,"parent":0,"menu_order":0,"comment_status":"closed","ping_status":"closed","template":"template-builder.php","meta":{"_acf_changed":false,"footnotes":""},"class_list":["post-38","page","type-page","status-publish","hentry"],"acf":[],"_links":{"self":[{"href":"https:\/\/glorus.al\/en\/wp-json\/wp\/v2\/pages\/38","targetHints":{"allow":["GET"]}}],"collection":[{"href":"https:\/\/glorus.al\/en\/wp-json\/wp\/v2\/pages"}],"about":[{"href":"https:\/\/glorus.al\/en\/wp-json\/wp\/v2\/types\/page"}],"author":[{"embeddable":true,"href":"https:\/\/glorus.al\/en\/wp-json\/wp\/v2\/users\/1"}],"replies":[{"embeddable":true,"href":"https:\/\/glorus.al\/en\/wp-json\/wp\/v2\/comments?post=38"}],"version-history":[{"count":0,"href":"https:\/\/glorus.al\/en\/wp-json\/wp\/v2\/pages\/38\/revisions"}],"wp:attachment":[{"href":"https:\/\/glorus.al\/en\/wp-json\/wp\/v2\/media?parent=38"}],"curies":[{"name":"wp","href":"https:\/\/api.w.org\/{rel}","templated":true}]}}